{"id":57,"date":"2022-09-03T14:46:50","date_gmt":"2022-09-03T14:46:50","guid":{"rendered":"https:\/\/pcrci.guineabiztv.com\/?page_id=57"},"modified":"2022-09-03T14:47:03","modified_gmt":"2022-09-03T14:47:03","slug":"video","status":"publish","type":"page","link":"https:\/\/pcrci.guineabiztv.com\/?page_id=57","title":{"rendered":"VID\u00c9O"},"content":{"rendered":"","protected":false},"excerpt":{"rendered":"","protected":false},"author":2,"featured_media":0,"parent":0,"menu_order":0,"comment_status":"closed","ping_status":"closed","template":"","meta":{"site-sidebar-layout":"default","site-content-layout":"default","ast-site-content-layout":"","site-content-style":"default","site-sidebar-style":"default","ast-global-header-display":"","ast-banner-title-visibility":"","ast-main-header-display":"","ast-hfb-above-header-display":"","ast-hfb-below-header-display":"","ast-hfb-mobile-header-display":"","site-post-title":"","ast-breadcrumbs-content":"","ast-featured-img":"","footer-sml-layout":"","theme-transparent-header-meta":"default","adv-header-id-meta":"","stick-header-meta":"","header-above-stick-meta":"","header-main-stick-meta":"","header-below-stick-meta":"","astra-migrate-meta-layouts":"default","ast-page-background-enabled":"default","ast-page-background-meta":{"desktop":{"background-color":"var(--ast-global-color-4)","background-image":"","background-repeat":"repeat","background-position":"center center","background-size":"auto","background-attachment":"scroll","background-type":"","background-media":"","overlay-type":"","overlay-color":"","overlay-opacity":"","overlay-gradient":""},"tablet":{"background-color":"","background-image":"","background-repeat":"repeat","background-position":"center center","background-size":"auto","background-attachment":"scroll","background-type":"","background-media":"","overlay-type":"","overlay-color":"","overlay-opacity":"","overlay-gradient":""},"mobile":{"background-color":"","background-image":"","background-repeat":"repeat","background-position":"center center","background-size":"auto","background-attachment":"scroll","background-type":"","background-media":"","overlay-type":"","overlay-color":"","overlay-opacity":"","overlay-gradient":""}},"ast-content-background-meta":{"desktop":{"background-color":"var(--ast-global-color-5)","background-image":"","background-repeat":"repeat","background-position":"center center","background-size":"auto","background-attachment":"scroll","background-type":"","background-media":"","overlay-type":"","overlay-color":"","overlay-opacity":"","overlay-gradient":""},"tablet":{"background-color":"var(--ast-global-color-5)","background-image":"","background-repeat":"repeat","background-position":"center center","background-size":"auto","background-attachment":"scroll","background-type":"","background-media":"","overlay-type":"","overlay-color":"","overlay-opacity":"","overlay-gradient":""},"mobile":{"background-color":"var(--ast-global-color-5)","background-image":"","background-repeat":"repeat","background-position":"center center","background-size":"auto","background-attachment":"scroll","background-type":"","background-media":"","overlay-type":"","overlay-color":"","overlay-opacity":"","overlay-gradient":""}},"footnotes":""},"class_list":["post-57","page","type-page","status-publish","hentry"],"yoast_head":"<!-- This site is optimized with the Yoast SEO plugin v25.8 - https:\/\/yoast.com\/wordpress\/plugins\/seo\/ -->\n<title>VID\u00c9O - PARTI COMMUNISTE R\u00c9VOLUTIONNAIRE DE C\u00d4TE D&#039;IVOIRE<\/title>\n<meta name=\"robots\" content=\"index, follow, max-snippet:-1, max-image-preview:large, max-video-preview:-1\" \/>\n<link rel=\"canonical\" href=\"https:\/\/pcrci.guineabiztv.com\/?page_id=57\" \/>\n<meta property=\"og:locale\" content=\"fr_FR\" \/>\n<meta property=\"og:type\" content=\"article\" \/>\n<meta property=\"og:title\" content=\"VID\u00c9O - PARTI COMMUNISTE R\u00c9VOLUTIONNAIRE DE C\u00d4TE D&#039;IVOIRE\" \/>\n<meta property=\"og:url\" content=\"https:\/\/pcrci.guineabiztv.com\/?page_id=57\" \/>\n<meta property=\"og:site_name\" content=\"PARTI COMMUNISTE R\u00c9VOLUTIONNAIRE DE C\u00d4TE D&#039;IVOIRE\" \/>\n<meta property=\"article:publisher\" content=\"https:\/\/www.facebook.com\/pcrci.communistes.ci\" \/>\n<meta property=\"article:modified_time\" content=\"2022-09-03T14:47:03+00:00\" \/>\n<meta name=\"twitter:card\" content=\"summary_large_image\" \/>\n<script type=\"application\/ld+json\" class=\"yoast-schema-graph\">{\"@context\":\"https:\/\/schema.org\",\"@graph\":[{\"@type\":\"WebPage\",\"@id\":\"https:\/\/pcrci.guineabiztv.com\/?page_id=57\",\"url\":\"https:\/\/pcrci.guineabiztv.com\/?page_id=57\",\"name\":\"VID\u00c9O - PARTI COMMUNISTE R\u00c9VOLUTIONNAIRE DE C\u00d4TE D&#039;IVOIRE\",\"isPartOf\":{\"@id\":\"https:\/\/pcrci.guineabiztv.com\/#website\"},\"datePublished\":\"2022-09-03T14:46:50+00:00\",\"dateModified\":\"2022-09-03T14:47:03+00:00\",\"breadcrumb\":{\"@id\":\"https:\/\/pcrci.guineabiztv.com\/?page_id=57#breadcrumb\"},\"inLanguage\":\"fr-FR\",\"potentialAction\":[{\"@type\":\"ReadAction\",\"target\":[\"https:\/\/pcrci.guineabiztv.com\/?page_id=57\"]}]},{\"@type\":\"BreadcrumbList\",\"@id\":\"https:\/\/pcrci.guineabiztv.com\/?page_id=57#breadcrumb\",\"itemListElement\":[{\"@type\":\"ListItem\",\"position\":1,\"name\":\"Accueil\",\"item\":\"https:\/\/pcrci.guineabiztv.com\/\"},{\"@type\":\"ListItem\",\"position\":2,\"name\":\"VID\u00c9O\"}]},{\"@type\":\"WebSite\",\"@id\":\"https:\/\/pcrci.guineabiztv.com\/#website\",\"url\":\"https:\/\/pcrci.guineabiztv.com\/\",\"name\":\"PARTI COMMUNISTE R\u00c9VOLUTIONNAIRE DE C\u00d4TE D'IVOIRE\",\"description\":\"En avant pour un changement r\u00e9volutionnaire\",\"publisher\":{\"@id\":\"https:\/\/pcrci.guineabiztv.com\/#organization\"},\"potentialAction\":[{\"@type\":\"SearchAction\",\"target\":{\"@type\":\"EntryPoint\",\"urlTemplate\":\"https:\/\/pcrci.guineabiztv.com\/?s={search_term_string}\"},\"query-input\":{\"@type\":\"PropertyValueSpecification\",\"valueRequired\":true,\"valueName\":\"search_term_string\"}}],\"inLanguage\":\"fr-FR\"},{\"@type\":\"Organization\",\"@id\":\"https:\/\/pcrci.guineabiztv.com\/#organization\",\"name\":\"PARTI COMMUNISTE R\u00c9VOLUTIONNAIRE DE C\u00d4TE D'IVOIRE\",\"url\":\"https:\/\/pcrci.guineabiztv.com\/\",\"logo\":{\"@type\":\"ImageObject\",\"inLanguage\":\"fr-FR\",\"@id\":\"https:\/\/pcrci.guineabiztv.com\/#\/schema\/logo\/image\/\",\"url\":\"https:\/\/pcrci.guineabiztv.com\/wp-content\/uploads\/2022\/09\/Logo-PCRCI.jpg\",\"contentUrl\":\"https:\/\/pcrci.guineabiztv.com\/wp-content\/uploads\/2022\/09\/Logo-PCRCI.jpg\",\"width\":1892,\"height\":791,\"caption\":\"PARTI COMMUNISTE R\u00c9VOLUTIONNAIRE DE C\u00d4TE D'IVOIRE\"},\"image\":{\"@id\":\"https:\/\/pcrci.guineabiztv.com\/#\/schema\/logo\/image\/\"},\"sameAs\":[\"https:\/\/www.facebook.com\/pcrci.communistes.ci\"]}]}<\/script>\n<!-- \/ Yoast SEO plugin. -->","yoast_head_json":{"title":"VID\u00c9O - PARTI COMMUNISTE R\u00c9VOLUTIONNAIRE DE C\u00d4TE D&#039;IVOIRE","robots":{"index":"index","follow":"follow","max-snippet":"max-snippet:-1","max-image-preview":"max-image-preview:large","max-video-preview":"max-video-preview:-1"},"canonical":"https:\/\/pcrci.guineabiztv.com\/?page_id=57","og_locale":"fr_FR","og_type":"article","og_title":"VID\u00c9O - PARTI COMMUNISTE R\u00c9VOLUTIONNAIRE DE C\u00d4TE D&#039;IVOIRE","og_url":"https:\/\/pcrci.guineabiztv.com\/?page_id=57","og_site_name":"PARTI COMMUNISTE R\u00c9VOLUTIONNAIRE DE C\u00d4TE D&#039;IVOIRE","article_publisher":"https:\/\/www.facebook.com\/pcrci.communistes.ci","article_modified_time":"2022-09-03T14:47:03+00:00","twitter_card":"summary_large_image","schema":{"@context":"https:\/\/schema.org","@graph":[{"@type":"WebPage","@id":"https:\/\/pcrci.guineabiztv.com\/?page_id=57","url":"https:\/\/pcrci.guineabiztv.com\/?page_id=57","name":"VID\u00c9O - PARTI COMMUNISTE R\u00c9VOLUTIONNAIRE DE C\u00d4TE D&#039;IVOIRE","isPartOf":{"@id":"https:\/\/pcrci.guineabiztv.com\/#website"},"datePublished":"2022-09-03T14:46:50+00:00","dateModified":"2022-09-03T14:47:03+00:00","breadcrumb":{"@id":"https:\/\/pcrci.guineabiztv.com\/?page_id=57#breadcrumb"},"inLanguage":"fr-FR","potentialAction":[{"@type":"ReadAction","target":["https:\/\/pcrci.guineabiztv.com\/?page_id=57"]}]},{"@type":"BreadcrumbList","@id":"https:\/\/pcrci.guineabiztv.com\/?page_id=57#breadcrumb","itemListElement":[{"@type":"ListItem","position":1,"name":"Accueil","item":"https:\/\/pcrci.guineabiztv.com\/"},{"@type":"ListItem","position":2,"name":"VID\u00c9O"}]},{"@type":"WebSite","@id":"https:\/\/pcrci.guineabiztv.com\/#website","url":"https:\/\/pcrci.guineabiztv.com\/","name":"PARTI COMMUNISTE R\u00c9VOLUTIONNAIRE DE C\u00d4TE D'IVOIRE","description":"En avant pour un changement r\u00e9volutionnaire","publisher":{"@id":"https:\/\/pcrci.guineabiztv.com\/#organization"},"potentialAction":[{"@type":"SearchAction","target":{"@type":"EntryPoint","urlTemplate":"https:\/\/pcrci.guineabiztv.com\/?s={search_term_string}"},"query-input":{"@type":"PropertyValueSpecification","valueRequired":true,"valueName":"search_term_string"}}],"inLanguage":"fr-FR"},{"@type":"Organization","@id":"https:\/\/pcrci.guineabiztv.com\/#organization","name":"PARTI COMMUNISTE R\u00c9VOLUTIONNAIRE DE C\u00d4TE D'IVOIRE","url":"https:\/\/pcrci.guineabiztv.com\/","logo":{"@type":"ImageObject","inLanguage":"fr-FR","@id":"https:\/\/pcrci.guineabiztv.com\/#\/schema\/logo\/image\/","url":"https:\/\/pcrci.guineabiztv.com\/wp-content\/uploads\/2022\/09\/Logo-PCRCI.jpg","contentUrl":"https:\/\/pcrci.guineabiztv.com\/wp-content\/uploads\/2022\/09\/Logo-PCRCI.jpg","width":1892,"height":791,"caption":"PARTI COMMUNISTE R\u00c9VOLUTIONNAIRE DE C\u00d4TE D'IVOIRE"},"image":{"@id":"https:\/\/pcrci.guineabiztv.com\/#\/schema\/logo\/image\/"},"sameAs":["https:\/\/www.facebook.com\/pcrci.communistes.ci"]}]}},"_links":{"self":[{"href":"https:\/\/pcrci.guineabiztv.com\/index.php?rest_route=\/wp\/v2\/pages\/57","targetHints":{"allow":["GET"]}}],"collection":[{"href":"https:\/\/pcrci.guineabiztv.com\/index.php?rest_route=\/wp\/v2\/pages"}],"about":[{"href":"https:\/\/pcrci.guineabiztv.com\/index.php?rest_route=\/wp\/v2\/types\/page"}],"author":[{"embeddable":true,"href":"https:\/\/pcrci.guineabiztv.com\/index.php?rest_route=\/wp\/v2\/users\/2"}],"replies":[{"embeddable":true,"href":"https:\/\/pcrci.guineabiztv.com\/index.php?rest_route=%2Fwp%2Fv2%2Fcomments&post=57"}],"version-history":[{"count":1,"href":"https:\/\/pcrci.guineabiztv.com\/index.php?rest_route=\/wp\/v2\/pages\/57\/revisions"}],"predecessor-version":[{"id":58,"href":"https:\/\/pcrci.guineabiztv.com\/index.php?rest_route=\/wp\/v2\/pages\/57\/revisions\/58"}],"wp:attachment":[{"href":"https:\/\/pcrci.guineabiztv.com\/index.php?rest_route=%2Fwp%2Fv2%2Fmedia&parent=57"}],"curies":[{"name":"wp","href":"https:\/\/api.w.org\/{rel}","templated":true}]}}