{"id":1284,"date":"2022-10-12T03:54:01","date_gmt":"2022-10-12T03:54:01","guid":{"rendered":"https:\/\/pcrci.guineabiztv.com\/?page_id=1284"},"modified":"2022-10-13T14:57:23","modified_gmt":"2022-10-13T14:57:23","slug":"ep-59","status":"publish","type":"page","link":"https:\/\/pcrci.guineabiztv.com\/?page_id=1284","title":{"rendered":"EP 59"},"content":{"rendered":"\t\t<div data-elementor-type=\"wp-page\" data-elementor-id=\"1284\" class=\"elementor elementor-1284\" data-elementor-settings=\"{&quot;ha_cmc_init_switcher&quot;:&quot;no&quot;}\">\n\t\t\t\t\t\t<section class=\"elementor-section elementor-top-section elementor-element elementor-element-39eedc9 elementor-section-boxed elementor-section-height-default elementor-section-height-default wpr-particle-no wpr-jarallax-no wpr-parallax-no wpr-sticky-section-no\" data-id=\"39eedc9\" data-element_type=\"section\" data-settings=\"{&quot;background_background&quot;:&quot;classic&quot;,&quot;_ha_eqh_enable&quot;:false}\">\n\t\t\t\t\t\t<div class=\"elementor-container elementor-column-gap-default\">\n\t\t\t\t\t<div class=\"elementor-column elementor-col-100 elementor-top-column elementor-element elementor-element-76ec69f\" data-id=\"76ec69f\" data-element_type=\"column\">\n\t\t\t<div class=\"elementor-widget-wrap elementor-element-populated\">\n\t\t\t\t\t\t<div class=\"elementor-element elementor-element-561e467 elementor-widget elementor-widget-html\" data-id=\"561e467\" data-element_type=\"widget\" data-widget_type=\"html.default\">\n\t\t\t\t<div class=\"elementor-widget-container\">\n\t\t\t\t\t<marquee scrollamount=\"3\" scrolldelay=\"60\" width=\"100%\" bgcolor=\"\" height=\"fdb4150\" valign=\"bottom\n\">\n<p style=\"text-align: center;\"><font face=\"arial, helvetica, sans-serif\"><font color=\"#ffffff\"><strong>PARTI COMMUNISTE REVOLUTIONNAIRE DE C\u00d4TE D'IVOIRE *** EN AVANT POUR UN CHANGEMENT REVOLUTIONNAIRE *** PARTI COMMUNISTE REVOLUTIONNAIRE DE C\u00d4TE D'IVOIRE *** EN AVANT POUR UN CHANGEMENT REVOLUTIONNAIRE <strong><\/strong><\/font><\/font><\/p><\/marquee>\n\t\t\t\t<\/div>\n\t\t\t\t<\/div>\n\t\t\t\t\t<\/div>\n\t\t<\/div>\n\t\t\t\t\t<\/div>\n\t\t<\/section>\n\t\t\t\t<section class=\"elementor-section elementor-top-section elementor-element elementor-element-6bad17c elementor-section-boxed elementor-section-height-default elementor-section-height-default wpr-particle-no wpr-jarallax-no wpr-parallax-no wpr-sticky-section-no\" data-id=\"6bad17c\" data-element_type=\"section\" data-settings=\"{&quot;_ha_eqh_enable&quot;:false}\">\n\t\t\t\t\t\t<div class=\"elementor-container elementor-column-gap-default\">\n\t\t\t\t\t<div class=\"elementor-column elementor-col-100 elementor-top-column elementor-element elementor-element-14b4128\" data-id=\"14b4128\" data-element_type=\"column\">\n\t\t\t<div class=\"elementor-widget-wrap elementor-element-populated\">\n\t\t\t\t\t\t<div class=\"elementor-element elementor-element-d62e5b5 elementor-widget elementor-widget-text-editor\" data-id=\"d62e5b5\" data-element_type=\"widget\" data-widget_type=\"text-editor.default\">\n\t\t\t\t<div class=\"elementor-widget-container\">\n\t\t\t\t\t\t\t\t\t<p>EP 59<\/p>\t\t\t\t\t\t\t\t<\/div>\n\t\t\t\t<\/div>\n\t\t\t\t<div class=\"elementor-element elementor-element-bbfe86e elementor-widget elementor-widget-image\" data-id=\"bbfe86e\" data-element_type=\"widget\" data-widget_type=\"image.default\">\n\t\t\t\t<div class=\"elementor-widget-container\">\n\t\t\t\t\t\t\t\t\t\t\t\t\t\t\t<img fetchpriority=\"high\" decoding=\"async\" width=\"740\" height=\"1024\" src=\"https:\/\/pcrci.guineabiztv.com\/wp-content\/uploads\/2022\/10\/Ep_59_monte-ok-1-scaled.jpg\" class=\"attachment-large size-large wp-image-1275\" alt=\"\" srcset=\"https:\/\/pcrci.guineabiztv.com\/wp-content\/uploads\/2022\/10\/Ep_59_monte-ok-1-scaled.jpg 1850w, https:\/\/pcrci.guineabiztv.com\/wp-content\/uploads\/2022\/10\/Ep_59_monte-ok-1-217x300.jpg 217w\" sizes=\"(max-width: 740px) 100vw, 740px\" \/>\t\t\t\t\t\t\t\t\t\t\t\t\t\t\t<\/div>\n\t\t\t\t<\/div>\n\t\t\t\t<div class=\"elementor-element elementor-element-9245bcd elementor-widget elementor-widget-image\" data-id=\"9245bcd\" data-element_type=\"widget\" data-widget_type=\"image.default\">\n\t\t\t\t<div class=\"elementor-widget-container\">\n\t\t\t\t\t\t\t\t\t\t\t\t\t\t\t<img decoding=\"async\" width=\"719\" height=\"1024\" src=\"https:\/\/pcrci.guineabiztv.com\/wp-content\/uploads\/2022\/10\/Ep_59_monte-ok-2-scaled.jpg\" class=\"attachment-large size-large wp-image-1276\" alt=\"\" srcset=\"https:\/\/pcrci.guineabiztv.com\/wp-content\/uploads\/2022\/10\/Ep_59_monte-ok-2-scaled.jpg 1797w, https:\/\/pcrci.guineabiztv.com\/wp-content\/uploads\/2022\/10\/Ep_59_monte-ok-2-211x300.jpg 211w\" sizes=\"(max-width: 719px) 100vw, 719px\" \/>\t\t\t\t\t\t\t\t\t\t\t\t\t\t\t<\/div>\n\t\t\t\t<\/div>\n\t\t\t\t<div class=\"elementor-element elementor-element-8478fc8 elementor-widget elementor-widget-image\" data-id=\"8478fc8\" data-element_type=\"widget\" data-widget_type=\"image.default\">\n\t\t\t\t<div class=\"elementor-widget-container\">\n\t\t\t\t\t\t\t\t\t\t\t\t\t\t\t<img decoding=\"async\" width=\"729\" height=\"1024\" src=\"https:\/\/pcrci.guineabiztv.com\/wp-content\/uploads\/2022\/10\/Ep_59_monte-ok-3-scaled.jpg\" class=\"attachment-large size-large wp-image-1277\" alt=\"\" srcset=\"https:\/\/pcrci.guineabiztv.com\/wp-content\/uploads\/2022\/10\/Ep_59_monte-ok-3-scaled.jpg 1822w, https:\/\/pcrci.guineabiztv.com\/wp-content\/uploads\/2022\/10\/Ep_59_monte-ok-3-214x300.jpg 214w\" sizes=\"(max-width: 729px) 100vw, 729px\" \/>\t\t\t\t\t\t\t\t\t\t\t\t\t\t\t<\/div>\n\t\t\t\t<\/div>\n\t\t\t\t<div class=\"elementor-element elementor-element-b22fc3b elementor-widget elementor-widget-image\" data-id=\"b22fc3b\" data-element_type=\"widget\" data-widget_type=\"image.default\">\n\t\t\t\t<div class=\"elementor-widget-container\">\n\t\t\t\t\t\t\t\t\t\t\t\t\t\t\t<img loading=\"lazy\" decoding=\"async\" width=\"709\" height=\"1024\" src=\"https:\/\/pcrci.guineabiztv.com\/wp-content\/uploads\/2022\/10\/Ep_59_monte-ok-4-bon-709x1024.jpg\" class=\"attachment-large size-large wp-image-1326\" alt=\"\" srcset=\"https:\/\/pcrci.guineabiztv.com\/wp-content\/uploads\/2022\/10\/Ep_59_monte-ok-4-bon-709x1024.jpg 709w, https:\/\/pcrci.guineabiztv.com\/wp-content\/uploads\/2022\/10\/Ep_59_monte-ok-4-bon-208x300.jpg 208w, https:\/\/pcrci.guineabiztv.com\/wp-content\/uploads\/2022\/10\/Ep_59_monte-ok-4-bon-768x1109.jpg 768w, https:\/\/pcrci.guineabiztv.com\/wp-content\/uploads\/2022\/10\/Ep_59_monte-ok-4-bon-1064x1536.jpg 1064w, https:\/\/pcrci.guineabiztv.com\/wp-content\/uploads\/2022\/10\/Ep_59_monte-ok-4-bon-350x505.jpg 350w, https:\/\/pcrci.guineabiztv.com\/wp-content\/uploads\/2022\/10\/Ep_59_monte-ok-4-bon.jpg 1181w\" sizes=\"(max-width: 709px) 100vw, 709px\" \/>\t\t\t\t\t\t\t\t\t\t\t\t\t\t\t<\/div>\n\t\t\t\t<\/div>\n\t\t\t\t\t<\/div>\n\t\t<\/div>\n\t\t\t\t\t<\/div>\n\t\t<\/section>\n\t\t\t\t<section class=\"elementor-section elementor-top-section elementor-element elementor-element-09989cf elementor-section-boxed elementor-section-height-default elementor-section-height-default wpr-particle-no wpr-jarallax-no wpr-parallax-no wpr-sticky-section-no\" data-id=\"09989cf\" data-element_type=\"section\" data-settings=\"{&quot;background_background&quot;:&quot;classic&quot;,&quot;_ha_eqh_enable&quot;:false}\">\n\t\t\t\t\t\t<div class=\"elementor-container elementor-column-gap-default\">\n\t\t\t\t\t<div class=\"elementor-column elementor-col-25 elementor-top-column elementor-element elementor-element-1c3bdfa\" data-id=\"1c3bdfa\" data-element_type=\"column\">\n\t\t\t<div class=\"elementor-widget-wrap elementor-element-populated\">\n\t\t\t\t\t\t<div class=\"elementor-element elementor-element-c1c35b7 elementor-widget elementor-widget-image\" data-id=\"c1c35b7\" data-element_type=\"widget\" data-widget_type=\"image.default\">\n\t\t\t\t<div class=\"elementor-widget-container\">\n\t\t\t\t\t\t\t\t\t\t\t\t\t\t\t<img loading=\"lazy\" decoding=\"async\" width=\"1024\" height=\"428\" src=\"https:\/\/pcrci.guineabiztv.com\/wp-content\/uploads\/2022\/09\/Logo-PCRCI-2-2-1024x428.jpg\" class=\"attachment-large size-large wp-image-344\" alt=\"\" srcset=\"https:\/\/pcrci.guineabiztv.com\/wp-content\/uploads\/2022\/09\/Logo-PCRCI-2-2-1024x428.jpg 1024w, https:\/\/pcrci.guineabiztv.com\/wp-content\/uploads\/2022\/09\/Logo-PCRCI-2-2-300x125.jpg 300w, https:\/\/pcrci.guineabiztv.com\/wp-content\/uploads\/2022\/09\/Logo-PCRCI-2-2-768x321.jpg 768w, https:\/\/pcrci.guineabiztv.com\/wp-content\/uploads\/2022\/09\/Logo-PCRCI-2-2-1536x642.jpg 1536w, https:\/\/pcrci.guineabiztv.com\/wp-content\/uploads\/2022\/09\/Logo-PCRCI-2-2.jpg 1892w\" sizes=\"(max-width: 1024px) 100vw, 1024px\" \/>\t\t\t\t\t\t\t\t\t\t\t\t\t\t\t<\/div>\n\t\t\t\t<\/div>\n\t\t\t\t<div class=\"elementor-element elementor-element-6e3aeec elementor-widget elementor-widget-heading\" data-id=\"6e3aeec\" data-element_type=\"widget\" data-widget_type=\"heading.default\">\n\t\t\t\t<div class=\"elementor-widget-container\">\n\t\t\t\t\t<h2 class=\"elementor-heading-title elementor-size-default\">EN AVANT POUR UN CHANGEMENT R\u00c9VOLUTIONNAIRE<\/h2>\t\t\t\t<\/div>\n\t\t\t\t<\/div>\n\t\t\t\t\t<\/div>\n\t\t<\/div>\n\t\t\t\t<div class=\"elementor-column elementor-col-25 elementor-top-column elementor-element elementor-element-feeaeae\" data-id=\"feeaeae\" data-element_type=\"column\">\n\t\t\t<div class=\"elementor-widget-wrap elementor-element-populated\">\n\t\t\t\t\t\t<div class=\"elementor-element elementor-element-f0d3b14 elementor-widget elementor-widget-text-editor\" data-id=\"f0d3b14\" data-element_type=\"widget\" data-widget_type=\"text-editor.default\">\n\t\t\t\t<div class=\"elementor-widget-container\">\n\t\t\t\t\t\t\t\t\t<p><span style=\"color: #ffcc00;\"><strong>CONTACTS<\/strong><\/span><br \/>Riviera Bonoumin &#8211;\u00a0 Cit\u00e9 Oscarine<br \/>Villa 311 &#8211; T\u00e9l. : 07 79 58 72 27<\/p>\t\t\t\t\t\t\t\t<\/div>\n\t\t\t\t<\/div>\n\t\t\t\t\t<\/div>\n\t\t<\/div>\n\t\t\t\t<div class=\"elementor-column elementor-col-25 elementor-top-column elementor-element elementor-element-d8a4551\" data-id=\"d8a4551\" data-element_type=\"column\">\n\t\t\t<div class=\"elementor-widget-wrap elementor-element-populated\">\n\t\t\t\t\t\t<div class=\"elementor-element elementor-element-7492184 elementor-widget elementor-widget-text-editor\" data-id=\"7492184\" data-element_type=\"widget\" data-widget_type=\"text-editor.default\">\n\t\t\t\t<div class=\"elementor-widget-container\">\n\t\t\t\t\t\t\t\t\t<p><strong><span style=\"color: #ffcc00;\">LIENS<\/span><\/strong> <br \/>Liens de presse anti-imp\u00e9rialiste <br \/>Liens d\u2019autres presses<\/p>\t\t\t\t\t\t\t\t<\/div>\n\t\t\t\t<\/div>\n\t\t\t\t\t<\/div>\n\t\t<\/div>\n\t\t\t\t<div class=\"elementor-column elementor-col-25 elementor-top-column elementor-element elementor-element-f2d179d\" data-id=\"f2d179d\" data-element_type=\"column\">\n\t\t\t<div class=\"elementor-widget-wrap elementor-element-populated\">\n\t\t\t\t\t\t<div class=\"elementor-element elementor-element-a9413fb elementor-shape-square e-grid-align-mobile-center elementor-grid-0 elementor-widget elementor-widget-social-icons\" data-id=\"a9413fb\" data-element_type=\"widget\" data-widget_type=\"social-icons.default\">\n\t\t\t\t<div class=\"elementor-widget-container\">\n\t\t\t\t\t\t\t<div class=\"elementor-social-icons-wrapper elementor-grid\" role=\"list\">\n\t\t\t\t\t\t\t<span class=\"elementor-grid-item\" role=\"listitem\">\n\t\t\t\t\t<a class=\"elementor-icon elementor-social-icon elementor-social-icon-facebook elementor-repeater-item-9c8ce44\" href=\"https:\/\/web.facebook.com\/pcrci.communistes.ci\" target=\"_blank\">\n\t\t\t\t\t\t<span class=\"elementor-screen-only\">Facebook<\/span>\n\t\t\t\t\t\t<i class=\"fab fa-facebook\"><\/i>\t\t\t\t\t<\/a>\n\t\t\t\t<\/span>\n\t\t\t\t\t\t\t<span class=\"elementor-grid-item\" role=\"listitem\">\n\t\t\t\t\t<a class=\"elementor-icon elementor-social-icon elementor-social-icon-youtube elementor-repeater-item-bf480d2\" href=\"https:\/\/www.youtube.com\/channel\/UCSJxEN-_8VmvbbADYIyA2hgA\" target=\"_blank\">\n\t\t\t\t\t\t<span class=\"elementor-screen-only\">Youtube<\/span>\n\t\t\t\t\t\t<i class=\"fab fa-youtube\"><\/i>\t\t\t\t\t<\/a>\n\t\t\t\t<\/span>\n\t\t\t\t\t<\/div>\n\t\t\t\t\t\t<\/div>\n\t\t\t\t<\/div>\n\t\t\t\t<div class=\"elementor-element elementor-element-0df772f elementor-widget elementor-widget-text-editor\" data-id=\"0df772f\" data-element_type=\"widget\" data-widget_type=\"text-editor.default\">\n\t\t\t\t<div class=\"elementor-widget-container\">\n\t\t\t\t\t\t\t\t\t<p>Tous droits r\u00e9serv\u00e9s<br \/><span style=\"font-size: 8pt;\">Design by <span style=\"text-decoration: underline; color: #ffcc00;\"><a style=\"color: #ffcc00; text-decoration: underline;\" href=\"http:\/\/cocojoyce.ci\/\" target=\"_blank\" rel=\"noopener\">cocojoyce.ci<\/a><\/span><\/span><\/p>\t\t\t\t\t\t\t\t<\/div>\n\t\t\t\t<\/div>\n\t\t\t\t\t<\/div>\n\t\t<\/div>\n\t\t\t\t\t<\/div>\n\t\t<\/section>\n\t\t\t\t<\/div>\n\t\t","protected":false},"excerpt":{"rendered":"<p>PARTI COMMUNISTE REVOLUTIONNAIRE DE C\u00d4TE D&rsquo;IVOIRE *** EN AVANT POUR UN CHANGEMENT REVOLUTIONNAIRE *** PARTI COMMUNISTE REVOLUTIONNAIRE DE C\u00d4TE D&rsquo;IVOIRE *** EN AVANT POUR UN CHANGEMENT REVOLUTIONNAIRE EP 59 EN AVANT POUR UN CHANGEMENT R\u00c9VOLUTIONNAIRE CONTACTSRiviera Bonoumin &#8211;\u00a0 Cit\u00e9 OscarineVilla 311 &#8211; T\u00e9l. : 07 79 58 72 27 LIENS Liens de presse anti-imp\u00e9rialiste Liens d\u2019autres presses Facebook Youtube Tous droits r\u00e9serv\u00e9sDesign by cocojoyce.ci<\/p>\n","protected":false},"author":2,"featured_media":0,"parent":0,"menu_order":0,"comment_status":"closed","ping_status":"closed","template":"","meta":{"site-sidebar-layout":"no-sidebar","site-content-layout":"page-builder","ast-site-content-layout":"","site-content-style":"default","site-sidebar-style":"default","ast-global-header-display":"","ast-banner-title-visibility":"","ast-main-header-display":"","ast-hfb-above-header-display":"","ast-hfb-below-header-display":"","ast-hfb-mobile-header-display":"","site-post-title":"disabled","ast-breadcrumbs-content":"","ast-featured-img":"disabled","footer-sml-layout":"","theme-transparent-header-meta":"default","adv-header-id-meta":"","stick-header-meta":"","header-above-stick-meta":"","header-main-stick-meta":"","header-below-stick-meta":"","astra-migrate-meta-layouts":"default","ast-page-background-enabled":"default","ast-page-background-meta":{"desktop":{"background-color":"var(--ast-global-color-4)","background-image":"","background-repeat":"repeat","background-position":"center center","background-size":"auto","background-attachment":"scroll","background-type":"","background-media":"","overlay-type":"","overlay-color":"","overlay-opacity":"","overlay-gradient":""},"tablet":{"background-color":"","background-image":"","background-repeat":"repeat","background-position":"center center","background-size":"auto","background-attachment":"scroll","background-type":"","background-media":"","overlay-type":"","overlay-color":"","overlay-opacity":"","overlay-gradient":""},"mobile":{"background-color":"","background-image":"","background-repeat":"repeat","background-position":"center center","background-size":"auto","background-attachment":"scroll","background-type":"","background-media":"","overlay-type":"","overlay-color":"","overlay-opacity":"","overlay-gradient":""}},"ast-content-background-meta":{"desktop":{"background-color":"var(--ast-global-color-5)","background-image":"","background-repeat":"repeat","background-position":"center center","background-size":"auto","background-attachment":"scroll","background-type":"","background-media":"","overlay-type":"","overlay-color":"","overlay-opacity":"","overlay-gradient":""},"tablet":{"background-color":"var(--ast-global-color-5)","background-image":"","background-repeat":"repeat","background-position":"center center","background-size":"auto","background-attachment":"scroll","background-type":"","background-media":"","overlay-type":"","overlay-color":"","overlay-opacity":"","overlay-gradient":""},"mobile":{"background-color":"var(--ast-global-color-5)","background-image":"","background-repeat":"repeat","background-position":"center center","background-size":"auto","background-attachment":"scroll","background-type":"","background-media":"","overlay-type":"","overlay-color":"","overlay-opacity":"","overlay-gradient":""}},"footnotes":""},"class_list":["post-1284","page","type-page","status-publish","hentry"],"yoast_head":"<!-- This site is optimized with the Yoast SEO plugin v25.8 - https:\/\/yoast.com\/wordpress\/plugins\/seo\/ -->\n<title>EP 59 - PARTI COMMUNISTE R\u00c9VOLUTIONNAIRE DE C\u00d4TE D&#039;IVOIRE<\/title>\n<meta name=\"robots\" content=\"index, follow, max-snippet:-1, max-image-preview:large, max-video-preview:-1\" \/>\n<link rel=\"canonical\" href=\"https:\/\/pcrci.guineabiztv.com\/?page_id=1284\" \/>\n<meta property=\"og:locale\" content=\"fr_FR\" \/>\n<meta property=\"og:type\" content=\"article\" \/>\n<meta property=\"og:title\" content=\"EP 59 - PARTI COMMUNISTE R\u00c9VOLUTIONNAIRE DE C\u00d4TE D&#039;IVOIRE\" \/>\n<meta property=\"og:description\" content=\"PARTI COMMUNISTE REVOLUTIONNAIRE DE C\u00d4TE D&rsquo;IVOIRE *** EN AVANT POUR UN CHANGEMENT REVOLUTIONNAIRE *** PARTI COMMUNISTE REVOLUTIONNAIRE DE C\u00d4TE D&rsquo;IVOIRE *** EN AVANT POUR UN CHANGEMENT REVOLUTIONNAIRE EP 59 EN AVANT POUR UN CHANGEMENT R\u00c9VOLUTIONNAIRE CONTACTSRiviera Bonoumin &#8211;\u00a0 Cit\u00e9 OscarineVilla 311 &#8211; T\u00e9l. : 07 79 58 72 27 LIENS Liens de presse anti-imp\u00e9rialiste Liens d\u2019autres presses Facebook Youtube Tous droits r\u00e9serv\u00e9sDesign by cocojoyce.ci\" \/>\n<meta property=\"og:url\" content=\"https:\/\/pcrci.guineabiztv.com\/?page_id=1284\" \/>\n<meta property=\"og:site_name\" content=\"PARTI COMMUNISTE R\u00c9VOLUTIONNAIRE DE C\u00d4TE D&#039;IVOIRE\" \/>\n<meta property=\"article:publisher\" content=\"https:\/\/www.facebook.com\/pcrci.communistes.ci\" \/>\n<meta property=\"article:modified_time\" content=\"2022-10-13T14:57:23+00:00\" \/>\n<meta property=\"og:image\" content=\"https:\/\/pcrci.guineabiztv.com\/wp-content\/uploads\/2022\/10\/Ep_59_monte-ok-1-scaled.jpg\" \/>\n<meta name=\"twitter:card\" content=\"summary_large_image\" \/>\n<script type=\"application\/ld+json\" class=\"yoast-schema-graph\">{\"@context\":\"https:\/\/schema.org\",\"@graph\":[{\"@type\":\"WebPage\",\"@id\":\"https:\/\/pcrci.guineabiztv.com\/?page_id=1284\",\"url\":\"https:\/\/pcrci.guineabiztv.com\/?page_id=1284\",\"name\":\"EP 59 - PARTI COMMUNISTE R\u00c9VOLUTIONNAIRE DE C\u00d4TE D&#039;IVOIRE\",\"isPartOf\":{\"@id\":\"https:\/\/pcrci.guineabiztv.com\/#website\"},\"primaryImageOfPage\":{\"@id\":\"https:\/\/pcrci.guineabiztv.com\/?page_id=1284#primaryimage\"},\"image\":{\"@id\":\"https:\/\/pcrci.guineabiztv.com\/?page_id=1284#primaryimage\"},\"thumbnailUrl\":\"https:\/\/pcrci.guineabiztv.com\/wp-content\/uploads\/2022\/10\/Ep_59_monte-ok-1-scaled.jpg\",\"datePublished\":\"2022-10-12T03:54:01+00:00\",\"dateModified\":\"2022-10-13T14:57:23+00:00\",\"breadcrumb\":{\"@id\":\"https:\/\/pcrci.guineabiztv.com\/?page_id=1284#breadcrumb\"},\"inLanguage\":\"fr-FR\",\"potentialAction\":[{\"@type\":\"ReadAction\",\"target\":[\"https:\/\/pcrci.guineabiztv.com\/?page_id=1284\"]}]},{\"@type\":\"ImageObject\",\"inLanguage\":\"fr-FR\",\"@id\":\"https:\/\/pcrci.guineabiztv.com\/?page_id=1284#primaryimage\",\"url\":\"https:\/\/pcrci.guineabiztv.com\/wp-content\/uploads\/2022\/10\/Ep_59_monte-ok-1-scaled.jpg\",\"contentUrl\":\"https:\/\/pcrci.guineabiztv.com\/wp-content\/uploads\/2022\/10\/Ep_59_monte-ok-1-scaled.jpg\",\"width\":1850,\"height\":2560},{\"@type\":\"BreadcrumbList\",\"@id\":\"https:\/\/pcrci.guineabiztv.com\/?page_id=1284#breadcrumb\",\"itemListElement\":[{\"@type\":\"ListItem\",\"position\":1,\"name\":\"Accueil\",\"item\":\"https:\/\/pcrci.guineabiztv.com\/\"},{\"@type\":\"ListItem\",\"position\":2,\"name\":\"EP 59\"}]},{\"@type\":\"WebSite\",\"@id\":\"https:\/\/pcrci.guineabiztv.com\/#website\",\"url\":\"https:\/\/pcrci.guineabiztv.com\/\",\"name\":\"PARTI COMMUNISTE R\u00c9VOLUTIONNAIRE DE C\u00d4TE D'IVOIRE\",\"description\":\"En avant pour un changement r\u00e9volutionnaire\",\"publisher\":{\"@id\":\"https:\/\/pcrci.guineabiztv.com\/#organization\"},\"potentialAction\":[{\"@type\":\"SearchAction\",\"target\":{\"@type\":\"EntryPoint\",\"urlTemplate\":\"https:\/\/pcrci.guineabiztv.com\/?s={search_term_string}\"},\"query-input\":{\"@type\":\"PropertyValueSpecification\",\"valueRequired\":true,\"valueName\":\"search_term_string\"}}],\"inLanguage\":\"fr-FR\"},{\"@type\":\"Organization\",\"@id\":\"https:\/\/pcrci.guineabiztv.com\/#organization\",\"name\":\"PARTI COMMUNISTE R\u00c9VOLUTIONNAIRE DE C\u00d4TE D'IVOIRE\",\"url\":\"https:\/\/pcrci.guineabiztv.com\/\",\"logo\":{\"@type\":\"ImageObject\",\"inLanguage\":\"fr-FR\",\"@id\":\"https:\/\/pcrci.guineabiztv.com\/#\/schema\/logo\/image\/\",\"url\":\"https:\/\/pcrci.guineabiztv.com\/wp-content\/uploads\/2022\/09\/Logo-PCRCI.jpg\",\"contentUrl\":\"https:\/\/pcrci.guineabiztv.com\/wp-content\/uploads\/2022\/09\/Logo-PCRCI.jpg\",\"width\":1892,\"height\":791,\"caption\":\"PARTI COMMUNISTE R\u00c9VOLUTIONNAIRE DE C\u00d4TE D'IVOIRE\"},\"image\":{\"@id\":\"https:\/\/pcrci.guineabiztv.com\/#\/schema\/logo\/image\/\"},\"sameAs\":[\"https:\/\/www.facebook.com\/pcrci.communistes.ci\"]}]}<\/script>\n<!-- \/ Yoast SEO plugin. -->","yoast_head_json":{"title":"EP 59 - PARTI COMMUNISTE R\u00c9VOLUTIONNAIRE DE C\u00d4TE D&#039;IVOIRE","robots":{"index":"index","follow":"follow","max-snippet":"max-snippet:-1","max-image-preview":"max-image-preview:large","max-video-preview":"max-video-preview:-1"},"canonical":"https:\/\/pcrci.guineabiztv.com\/?page_id=1284","og_locale":"fr_FR","og_type":"article","og_title":"EP 59 - PARTI COMMUNISTE R\u00c9VOLUTIONNAIRE DE C\u00d4TE D&#039;IVOIRE","og_description":"PARTI COMMUNISTE REVOLUTIONNAIRE DE C\u00d4TE D&rsquo;IVOIRE *** EN AVANT POUR UN CHANGEMENT REVOLUTIONNAIRE *** PARTI COMMUNISTE REVOLUTIONNAIRE DE C\u00d4TE D&rsquo;IVOIRE *** EN AVANT POUR UN CHANGEMENT REVOLUTIONNAIRE EP 59 EN AVANT POUR UN CHANGEMENT R\u00c9VOLUTIONNAIRE CONTACTSRiviera Bonoumin &#8211;\u00a0 Cit\u00e9 OscarineVilla 311 &#8211; T\u00e9l. : 07 79 58 72 27 LIENS Liens de presse anti-imp\u00e9rialiste Liens d\u2019autres presses Facebook Youtube Tous droits r\u00e9serv\u00e9sDesign by cocojoyce.ci","og_url":"https:\/\/pcrci.guineabiztv.com\/?page_id=1284","og_site_name":"PARTI COMMUNISTE R\u00c9VOLUTIONNAIRE DE C\u00d4TE D&#039;IVOIRE","article_publisher":"https:\/\/www.facebook.com\/pcrci.communistes.ci","article_modified_time":"2022-10-13T14:57:23+00:00","og_image":[{"url":"https:\/\/pcrci.guineabiztv.com\/wp-content\/uploads\/2022\/10\/Ep_59_monte-ok-1-scaled.jpg","type":"","width":"","height":""}],"twitter_card":"summary_large_image","schema":{"@context":"https:\/\/schema.org","@graph":[{"@type":"WebPage","@id":"https:\/\/pcrci.guineabiztv.com\/?page_id=1284","url":"https:\/\/pcrci.guineabiztv.com\/?page_id=1284","name":"EP 59 - PARTI COMMUNISTE R\u00c9VOLUTIONNAIRE DE C\u00d4TE D&#039;IVOIRE","isPartOf":{"@id":"https:\/\/pcrci.guineabiztv.com\/#website"},"primaryImageOfPage":{"@id":"https:\/\/pcrci.guineabiztv.com\/?page_id=1284#primaryimage"},"image":{"@id":"https:\/\/pcrci.guineabiztv.com\/?page_id=1284#primaryimage"},"thumbnailUrl":"https:\/\/pcrci.guineabiztv.com\/wp-content\/uploads\/2022\/10\/Ep_59_monte-ok-1-scaled.jpg","datePublished":"2022-10-12T03:54:01+00:00","dateModified":"2022-10-13T14:57:23+00:00","breadcrumb":{"@id":"https:\/\/pcrci.guineabiztv.com\/?page_id=1284#breadcrumb"},"inLanguage":"fr-FR","potentialAction":[{"@type":"ReadAction","target":["https:\/\/pcrci.guineabiztv.com\/?page_id=1284"]}]},{"@type":"ImageObject","inLanguage":"fr-FR","@id":"https:\/\/pcrci.guineabiztv.com\/?page_id=1284#primaryimage","url":"https:\/\/pcrci.guineabiztv.com\/wp-content\/uploads\/2022\/10\/Ep_59_monte-ok-1-scaled.jpg","contentUrl":"https:\/\/pcrci.guineabiztv.com\/wp-content\/uploads\/2022\/10\/Ep_59_monte-ok-1-scaled.jpg","width":1850,"height":2560},{"@type":"BreadcrumbList","@id":"https:\/\/pcrci.guineabiztv.com\/?page_id=1284#breadcrumb","itemListElement":[{"@type":"ListItem","position":1,"name":"Accueil","item":"https:\/\/pcrci.guineabiztv.com\/"},{"@type":"ListItem","position":2,"name":"EP 59"}]},{"@type":"WebSite","@id":"https:\/\/pcrci.guineabiztv.com\/#website","url":"https:\/\/pcrci.guineabiztv.com\/","name":"PARTI COMMUNISTE R\u00c9VOLUTIONNAIRE DE C\u00d4TE D'IVOIRE","description":"En avant pour un changement r\u00e9volutionnaire","publisher":{"@id":"https:\/\/pcrci.guineabiztv.com\/#organization"},"potentialAction":[{"@type":"SearchAction","target":{"@type":"EntryPoint","urlTemplate":"https:\/\/pcrci.guineabiztv.com\/?s={search_term_string}"},"query-input":{"@type":"PropertyValueSpecification","valueRequired":true,"valueName":"search_term_string"}}],"inLanguage":"fr-FR"},{"@type":"Organization","@id":"https:\/\/pcrci.guineabiztv.com\/#organization","name":"PARTI COMMUNISTE R\u00c9VOLUTIONNAIRE DE C\u00d4TE D'IVOIRE","url":"https:\/\/pcrci.guineabiztv.com\/","logo":{"@type":"ImageObject","inLanguage":"fr-FR","@id":"https:\/\/pcrci.guineabiztv.com\/#\/schema\/logo\/image\/","url":"https:\/\/pcrci.guineabiztv.com\/wp-content\/uploads\/2022\/09\/Logo-PCRCI.jpg","contentUrl":"https:\/\/pcrci.guineabiztv.com\/wp-content\/uploads\/2022\/09\/Logo-PCRCI.jpg","width":1892,"height":791,"caption":"PARTI COMMUNISTE R\u00c9VOLUTIONNAIRE DE C\u00d4TE D'IVOIRE"},"image":{"@id":"https:\/\/pcrci.guineabiztv.com\/#\/schema\/logo\/image\/"},"sameAs":["https:\/\/www.facebook.com\/pcrci.communistes.ci"]}]}},"_links":{"self":[{"href":"https:\/\/pcrci.guineabiztv.com\/index.php?rest_route=\/wp\/v2\/pages\/1284","targetHints":{"allow":["GET"]}}],"collection":[{"href":"https:\/\/pcrci.guineabiztv.com\/index.php?rest_route=\/wp\/v2\/pages"}],"about":[{"href":"https:\/\/pcrci.guineabiztv.com\/index.php?rest_route=\/wp\/v2\/types\/page"}],"author":[{"embeddable":true,"href":"https:\/\/pcrci.guineabiztv.com\/index.php?rest_route=\/wp\/v2\/users\/2"}],"replies":[{"embeddable":true,"href":"https:\/\/pcrci.guineabiztv.com\/index.php?rest_route=%2Fwp%2Fv2%2Fcomments&post=1284"}],"version-history":[{"count":41,"href":"https:\/\/pcrci.guineabiztv.com\/index.php?rest_route=\/wp\/v2\/pages\/1284\/revisions"}],"predecessor-version":[{"id":1393,"href":"https:\/\/pcrci.guineabiztv.com\/index.php?rest_route=\/wp\/v2\/pages\/1284\/revisions\/1393"}],"wp:attachment":[{"href":"https:\/\/pcrci.guineabiztv.com\/index.php?rest_route=%2Fwp%2Fv2%2Fmedia&parent=1284"}],"curies":[{"name":"wp","href":"https:\/\/api.w.org\/{rel}","templated":true}]}}